{"id":172,"date":"2018-04-01T19:58:16","date_gmt":"2018-04-01T19:58:16","guid":{"rendered":"http:\/\/greatlakesamc.org\/?page_id=172"},"modified":"2025-01-27T08:02:30","modified_gmt":"2025-01-27T13:02:30","slug":"join-now","status":"publish","type":"page","link":"http:\/\/greatlakesamc.org\/index.php\/join-now\/","title":{"rendered":"Join Now"},"content":{"rendered":"<body><p align=\"center\"><!--more--><\/p>\n<p style=\"outline-color: transparent; outline-style: none; outline-width: 0px; -webkit-text-stroke-width: 0px; cursor: text; word-spacing: 0px;\"><span style=\"margin: 0px; color: #333333; font-family: '&amp;quot',serif;\">Use the convenient form below to submit your application directly to us. Then, pay immediately via PayPal or mail a check to our treasurer.\u00a0 Please make sure your check or PayPal shows the same name as the form.<\/span><\/p>\n<p>\u00a0<\/p>\n<p>You must fill in both the top and bottom sections if paying with Paypal. The top section is to collect your personal info related to the club. Fill this section out and click submit. If you are mailing a check, you only need to fill out this section.\u00a0 If paying with Paypal,\u00a0 continue to fill out the bottom box with your info and click the Paypal button on the bottom of the box to be taken to Paypal to complete your payment.\u00a0<\/p>\n<p style=\"outline-color: transparent; outline-style: none; outline-width: 0px; -webkit-text-stroke-width: 0px; cursor: text; word-spacing: 0px;\"><span style=\"margin: 0px; color: #333333; font-family: '&amp;quot',serif;\">\u00a0<\/span><\/p>\n<p style=\"outline-color: transparent; outline-style: none; outline-width: 0px; -webkit-text-stroke-width: 0px; cursor: text; word-spacing: 0px;\"><span style=\"margin: 0px; color: #333333; font-family: '&amp;quot',serif;\">Mail to:<\/span><\/p>\n<p style=\"outline-color: transparent; outline-style: none; outline-width: 0px; -webkit-text-stroke-width: 0px; cursor: text; word-spacing: 0px;\"><span style=\"margin: 0px; color: #333333; font-family: '&amp;quot',serif;\">GLCAC Treasurer<\/span><\/p>\n<p style=\"outline-color: transparent; outline-style: none; outline-width: 0px; -webkit-text-stroke-width: 0px; cursor: text; word-spacing: 0px;\"><span style=\"margin: 0px; color: #333333; font-family: '&amp;quot',serif;\">14667 Brookline<\/span><\/p>\n<p style=\"outline-color: transparent; outline-style: none; outline-width: 0px; -webkit-text-stroke-width: 0px; cursor: text; word-spacing: 0px;\"><span style=\"margin: 0px; color: #333333; font-family: '&amp;quot',serif;\">Riverview, MI 48193<\/span><\/p>\n<p style=\"outline-color: transparent; outline-style: none; outline-width: 0px; -webkit-text-stroke-width: 0px; cursor: text; word-spacing: 0px;\"><span style=\"margin: 0px; color: #333333; font-family: '&amp;quot',serif;\"><!--noptimize--><script type=\"text\/javascript\">\r\n    var captainformCustomVars = {};\r\n    var captainformThemeStyle = {};\r\n    var append_element = append_element || function(e){if(void 0==e)return!1;if(!(\"elementType\"in e))return!1;var n=null;if(n=e.following?e.following.parentElement:e.inside?e.inside:e.replacing?e.replacing.parentElement:\"script\"==e.elementType?document.head:document.body,null==n)return!1;var l=document.createElement(e.elementType);delete e.elementType,l=jQuery.extend(l,e),e.replacing?n.replaceChild(l,e.replacing):n.appendChild(l)};\r\n    var captainformDomReady = captainformDomReady || function(e){var t=!1,n=function(){document.addEventListener?(document.removeEventListener(\"DOMContentLoaded\",d),window.removeEventListener(\"load\",d)):(document.detachEvent(\"onreadystatechange\",d),window.detachEvent(\"onload\",d))},d=function(){t||!document.addEventListener&&\"load\"!==event.type&&\"complete\"!==document.readyState||(t=!0,n(),e())};if(\"complete\"===document.readyState)e();else if(document.addEventListener)document.addEventListener(\"DOMContentLoaded\",d),window.addEventListener(\"load\",d);else{document.attachEvent(\"onreadystatechange\",d),window.attachEvent(\"onload\",d);var o=!1;try{o=null==window.frameElement&&document.documentElement}catch(a){}o&&o.doScroll&&!function c(){if(!t){try{o.doScroll(\"left\")}catch(d){return setTimeout(c,50)}t=!0,n(),e()}}()}};\r\n    var readyStateOverflowInterval;\r\n    captainformDomReady(function() {\r\n        if (document.getElementById('captainform_js_global_vars') == null) {\r\n            append_element({\r\n                elementType: \"script\",\r\n                type: \"text\/javascript\",\r\n                id: \"captainform_js_global_vars\",\r\n                textContent: 'var frmRef=\"\"; try { frmRef=window.top.location.href; } catch(err) {}; var captainform_servicedomain=\"app.captainform.com\";var cfJsHost = \"https:\/\/\";',\r\n            });\r\n        }\r\n                try {\r\n            clearInterval(readyStateOverflowInterval);\r\n        }\r\n        catch(e) {\r\n            console.warn('[CaptainForm] Clear readyStateOverflowInterval error');\r\n        }\r\n        readyStateOverflowInterval = setInterval(function () {\r\n            try {\r\n                var elements = ['html', 'body'];\r\n                var foundElementWithOverflowHidden = false;\r\n                jQuery(elements).each(function (index, element) {\r\n                    if (jQuery(element).css('overflow-y') == 'hidden') {\r\n                        foundElementWithOverflowHidden = true;\r\n                        if(jQuery(element).height() > jQuery('window').height()){\r\n                            jQuery(window).resize();\r\n                        }\r\n                    }\r\n                    if(!foundElementWithOverflowHidden) {\r\n                        clearInterval(readyStateOverflowInterval);\r\n                    }\r\n                });\r\n            }\r\n            catch (e) {\r\n                console.warn('[CaptainForm] Overflow check error');\r\n            }\r\n        }, 300);\r\n            });\r\n<\/script><!--\/noptimize--><div id=\"1165132\"><\/div>\n<!--noptimize--><script type=\"text\/javascript\">\n    captainformCustomVars['1165132'] = '';\n    captainformThemeStyle['1165132'] = '';\n    captainformDomReady(function () {\n        if (document.getElementById('captainform_easyxdmjs') == null) {\n            append_element({\n                elementType: \"script\",\n                type: \"text\/javascript\",\n                id: \"captainform_easyxdmjs\",\n                src: cfJsHost + captainform_servicedomain + \"\/includes\/easyXDM.min.js\",\n            });\n        }\n        if (document.getElementById('iframeresizer_embedding_system') == null) {\n            append_element({\n                elementType: \"script\",\n                type: \"text\/javascript\",\n                id: \"iframeresizer_embedding_system\",\n                src: cfJsHost + captainform_servicedomain + \"\/modules\/captainform\/js\/iframe_resizer\/3.5\/iframeResizer.min.js\",\n            });\n        }\n        append_element({\n            elementType: \"script\",\n            type: \"text\/javascript\",\n            id: \"jsform-1165132\",\n            src: cfJsHost + captainform_servicedomain + \"\/jsform-1165132.js?\" + captainformCustomVars['1165132'] + captainformThemeStyle['1165132'],\n            replacing: document.getElementById(\"1165132\"),\n        });\n    });\n<\/script><!--\/noptimize--><\/span><\/p>\n<div class=\"qpp-style MembershipForm\"><div id=\"plain\"><form id=\"frmPaymentMembershipForm\" method=\"post\" action=\"\"><h2 id=\"qpp_reload\" class=\"qpp-header\">Membership Payment<\/h2><input type='hidden' name='sc[form]' value='MembershipForm' \/><input type='hidden' name='sc[post]' value='172' \/><input type=\"hidden\" name=\"form_id\" value=\"MembershipForm\" \/><input type=\"hidden\" name=\"currencybefore\" value=\"&#x24;\" \/><input type=\"hidden\" name=\"currencyafter\" value=\"\" \/><input type=\"hidden\" id=\"qpp_payment_nonce\" name=\"qpp_payment_nonce\" value=\"b15b1ecfd7\" \/><input type=\"hidden\" name=\"_wp_http_referer\" value=\"\/index.php\/wp-json\/wp\/v2\/pages\/172\" \/><p class=\"input\">Membership Type (from above)<\/p><select name='reference'><option value='Digital Newsletter Only&amp;25' selected='selected'>Digital Newsletter Only (&#x24;25)<\/option><option value='Mailed and Digital Newsletter&amp;30'> Mailed and Digital Newsletter (&#x24;30)<\/option><\/select><input type=\"hidden\" name=\"combine\" value=\"checked\" \/><input type=\"hidden\" id=\"qppquantityMembershipForm\" name=\"quantity\" value=\"1\"><input type=\"hidden\" name=\"couponapplied\" value=\"\" \/><p>Enter your details below<\/p><div class=\"qpp_nice_label qpp_label_blur\"><input type=\"text\" id=\"firstnameMembershipForm\" name=\"firstname\" class=\"required\" value=\"\" placeholder=\"First Name\" \/><\/div><div class=\"qpp_nice_label qpp_label_blur\"><input type=\"text\" id=\"lastnameMembershipForm\" name=\"lastname\" class=\"required\" value=\"\" placeholder=\"Last Name\" \/><\/div><div class=\"qpp_nice_label qpp_label_blur\"><input type=\"text\" id=\"emailMembershipForm\" name=\"email\" value=\"\" placeholder=\"Your Email Address\" \/><\/div><div class=\"qpp_nice_label qpp_label_blur\"><input type=\"text\" id=\"address1MembershipForm\" name=\"address1\" class=\"required\" value=\"\" placeholder=\"Address Line 1\" \/><\/div><div class=\"qpp_nice_label qpp_label_blur\"><input type=\"text\" id=\"address2MembershipForm\" name=\"address2\" value=\"\" placeholder=\"Address Line 2\" \/><\/div><div class=\"qpp_nice_label qpp_label_blur\"><input type=\"text\" id=\"cityMembershipForm\" name=\"city\" class=\"required\" value=\"\" placeholder=\"City\" \/><\/div><div class=\"qpp_nice_label qpp_label_blur\"><input type=\"text\" id=\"stateMembershipForm\" name=\"state\" class=\"required\" value=\"\" placeholder=\"State\" \/><\/div><div class=\"qpp_nice_label qpp_label_blur\"><input type=\"text\" id=\"zipMembershipForm\" name=\"zip\" class=\"required\" value=\"\" placeholder=\"ZIP Code\" \/><\/div>\n<div class=\"qpp_nice_label qpp_label_blur\">\n\t\t\t\t\t\t\t<select name=\"country\">\n\t\t\t\t\t\t\t<option value=\"\" disabled selected>Country<\/option><option value=\"AL\">Albania<\/option><option value=\"DZ\">Algeria<\/option><option value=\"AD\">Andorra<\/option><option value=\"AO\">Angola<\/option><option value=\"AI\">Anguilla<\/option><option value=\"AG\">Antigua &amp; Barbuda<\/option><option value=\"AR\">Argentina<\/option><option value=\"AM\">Armenia<\/option><option value=\"AW\">Aruba<\/option><option value=\"AU\">Australia<\/option><option value=\"AT\">Austria<\/option><option value=\"AZ\">Azerbaijan<\/option><option value=\"BS\">Bahamas<\/option><option value=\"BH\">Bahrain<\/option><option value=\"BB\">Barbados<\/option><option value=\"BY\">Belarus<\/option><option value=\"BE\">Belgium<\/option><option value=\"BZ\">Belize<\/option><option value=\"BJ\">Benin<\/option><option value=\"BM\">Bermuda<\/option><option value=\"BT\">Bhutan<\/option><option value=\"BO\">Bolivia<\/option><option value=\"BA\">Bosnia &amp; Herzegovina<\/option><option value=\"BW\">Botswana<\/option><option value=\"BR\">Brazil<\/option><option value=\"VG\">British Virgin Islands<\/option><option value=\"BN\">Brunei<\/option><option value=\"BG\">Bulgaria<\/option><option value=\"BF\">Burkina Faso<\/option><option value=\"BI\">Burundi<\/option><option value=\"KH\">Cambodia<\/option><option value=\"CM\">Cameroon<\/option><option value=\"CA\">Canada<\/option><option value=\"CV\">Cape Verde<\/option><option value=\"KY\">Cayman Islands<\/option><option value=\"TD\">Chad<\/option><option value=\"CL\">Chile<\/option><option value=\"CN\">China<\/option><option value=\"C2\">China Worldwide<\/option><option value=\"CO\">Colombia<\/option><option value=\"KM\">Comoros<\/option><option value=\"CG\">Congo - Brazzaville<\/option><option value=\"CD\">Congo - Kinshasa<\/option><option value=\"CK\">Cook Islands<\/option><option value=\"CR\">Costa Rica<\/option><option value=\"CI\">C\u00f4te D\u2019Ivoire<\/option><option value=\"HR\">Croatia<\/option><option value=\"CY\">Cyprus<\/option><option value=\"CZ\">Czech Republic<\/option><option value=\"DK\">Denmark<\/option><option value=\"DJ\">Djibouti<\/option><option value=\"DM\">Dominica<\/option><option value=\"DO\">Dominican Republic<\/option><option value=\"EC\">Ecuador<\/option><option value=\"EG\">Egypt<\/option><option value=\"SV\">El Salvador<\/option><option value=\"ER\">Eritrea<\/option><option value=\"EE\">Estonia<\/option><option value=\"ET\">Ethiopia<\/option><option value=\"FK\">Falkland Islands<\/option><option value=\"FO\">Faroe Islands<\/option><option value=\"FJ\">Fiji<\/option><option value=\"FI\">Finland<\/option><option value=\"FR\">France<\/option><option value=\"GF\">French Guiana<\/option><option value=\"PF\">French Polynesia<\/option><option value=\"GA\">Gabon<\/option><option value=\"GM\">Gambia<\/option><option value=\"GE\">Georgia<\/option><option value=\"DE\">Germany<\/option><option value=\"GI\">Gibraltar<\/option><option value=\"GR\">Greece<\/option><option value=\"GL\">Greenland<\/option><option value=\"GD\">Grenada<\/option><option value=\"GP\">Guadeloupe<\/option><option value=\"GT\">Guatemala<\/option><option value=\"GN\">Guinea<\/option><option value=\"GW\">Guinea-Bissau<\/option><option value=\"GY\">Guyana<\/option><option value=\"HN\">Honduras<\/option><option value=\"HK\">Hong Kong Sar China<\/option><option value=\"HU\">Hungary<\/option><option value=\"IS\">Iceland<\/option><option value=\"IN\">India<\/option><option value=\"ID\">Indonesia<\/option><option value=\"IE\">Ireland<\/option><option value=\"IL\">Israel<\/option><option value=\"IT\">Italy<\/option><option value=\"JM\">Jamaica<\/option><option value=\"JP\">Japan<\/option><option value=\"JO\">Jordan<\/option><option value=\"KZ\">Kazakhstan<\/option><option value=\"KE\">Kenya<\/option><option value=\"KI\">Kiribati<\/option><option value=\"KW\">Kuwait<\/option><option value=\"KG\">Kyrgyzstan<\/option><option value=\"LA\">Laos<\/option><option value=\"LV\">Latvia<\/option><option value=\"LS\">Lesotho<\/option><option value=\"LI\">Liechtenstein<\/option><option value=\"LT\">Lithuania<\/option><option value=\"LU\">Luxembourg<\/option><option value=\"MK\">Macedonia<\/option><option value=\"MG\">Madagascar<\/option><option value=\"MW\">Malawi<\/option><option value=\"MY\">Malaysia<\/option><option value=\"MV\">Maldives<\/option><option value=\"ML\">Mali<\/option><option value=\"MT\">Malta<\/option><option value=\"MH\">Marshall Islands<\/option><option value=\"MQ\">Martinique<\/option><option value=\"MR\">Mauritania<\/option><option value=\"MU\">Mauritius<\/option><option value=\"YT\">Mayotte<\/option><option value=\"MX\">Mexico<\/option><option value=\"FM\">Micronesia<\/option><option value=\"MD\">Moldova<\/option><option value=\"MC\">Monaco<\/option><option value=\"MN\">Mongolia<\/option><option value=\"ME\">Montenegro<\/option><option value=\"MS\">Montserrat<\/option><option value=\"MA\">Morocco<\/option><option value=\"MZ\">Mozambique<\/option><option value=\"NA\">Namibia<\/option><option value=\"NR\">Nauru<\/option><option value=\"NP\">Nepal<\/option><option value=\"NL\">Netherlands<\/option><option value=\"NC\">New Caledonia<\/option><option value=\"NZ\">New Zealand<\/option><option value=\"NI\">Nicaragua<\/option><option value=\"NE\">Niger<\/option><option value=\"NG\">Nigeria<\/option><option value=\"NU\">Niue<\/option><option value=\"NF\">Norfolk Island<\/option><option value=\"NO\">Norway<\/option><option value=\"OM\">Oman<\/option><option value=\"PW\">Palau<\/option><option value=\"PA\">Panama<\/option><option value=\"PG\">Papua New Guinea<\/option><option value=\"PY\">Paraguay<\/option><option value=\"PE\">Peru<\/option><option value=\"PH\">Philippines<\/option><option value=\"PN\">Pitcairn Islands<\/option><option value=\"PL\">Poland<\/option><option value=\"PT\">Portugal<\/option><option value=\"QA\">Qatar<\/option><option value=\"RE\">R\u00e9union<\/option><option value=\"RO\">Romania<\/option><option value=\"RU\">Russia<\/option><option value=\"RW\">Rwanda<\/option><option value=\"WS\">Samoa<\/option><option value=\"SM\">San Marino<\/option><option value=\"ST\">S\u00e3o Tom\u00e9 &amp; Pr\u00edncipe<\/option><option value=\"SA\">Saudi Arabia<\/option><option value=\"SN\">Senegal<\/option><option value=\"RS\">Serbia<\/option><option value=\"SC\">Seychelles<\/option><option value=\"SL\">Sierra Leone<\/option><option value=\"SG\">Singapore<\/option><option value=\"SK\">Slovakia<\/option><option value=\"SI\">Slovenia<\/option><option value=\"SB\">Solomon Islands<\/option><option value=\"SO\">Somalia<\/option><option value=\"ZA\">South Africa<\/option><option value=\"KR\">South Korea<\/option><option value=\"ES\">Spain<\/option><option value=\"LK\">Sri Lanka<\/option><option value=\"SH\">St. Helena<\/option><option value=\"KN\">St. Kitts &amp; Nevis<\/option><option value=\"LC\">St. Lucia<\/option><option value=\"PM\">St. Pierre &amp; Miquelon<\/option><option value=\"VC\">St. Vincent &amp; Grenadines<\/option><option value=\"SR\">Suriname<\/option><option value=\"SJ\">Svalbard &amp; Jan Mayen<\/option><option value=\"SZ\">Swaziland<\/option><option value=\"SE\">Sweden<\/option><option value=\"CH\">Switzerland<\/option><option value=\"TW\">Taiwan<\/option><option value=\"TJ\">Tajikistan<\/option><option value=\"TZ\">Tanzania<\/option><option value=\"TH\">Thailand<\/option><option value=\"TG\">Togo<\/option><option value=\"TO\">Tonga<\/option><option value=\"TT\">Trinidad &amp; Tobago<\/option><option value=\"TN\">Tunisia<\/option><option value=\"TM\">Turkmenistan<\/option><option value=\"TC\">Turks &amp; Caicos Islands<\/option><option value=\"TV\">Tuvalu<\/option><option value=\"UG\">Uganda<\/option><option value=\"UA\">Ukraine<\/option><option value=\"AE\">United Arab Emirates<\/option><option value=\"GB\">United Kingdom<\/option><option value=\"US\">United States<\/option><option value=\"UY\">Uruguay<\/option><option value=\"VU\">Vanuatu<\/option><option value=\"VA\">Vatican City<\/option><option value=\"VE\">Venezuela<\/option><option value=\"VN\">Vietnam<\/option><option value=\"WF\">Wallis &amp; Futuna<\/option><option value=\"YE\">Yemen<\/option><option value=\"ZM\">Zambia<\/option><option value=\"ZW\">Zimbabwe<\/option>\n\t\t\t\t\t\t\t\n    <\/select>\n    <\/div><div class=\"qpp_nice_label qpp_label_blur\"><input type=\"text\" id=\"night_phone_bMembershipForm\" name=\"night_phone_b\" value=\"\" placeholder=\"Phone Number\" \/><\/div><input type=\"hidden\" id=\"qpptotal\" name=\"total\" \/><input type=\"hidden\" name=\"multiples\" value=\"\" \/><p class=\"submit pay-button\"><input type=\"submit\" value=\"Submit Paypal Payment\" id=\"submit\" name=\"qppsubmitMembershipForm\" \/><\/p><div id=\"qppchecking\">Validating payment information...<\/div><\/form>\r\t<div class='qpp-loading'>Waiting for PayPal...<\/div><div class='qpp-validating-form'>Validating payment information...<\/div><div class='qpp-processing-form'>Waiting for PayPal...<\/div><div style=\"clear:both\"><\/div><\/div><\/div>\r\t\n<\/body>","protected":false},"excerpt":{"rendered":"","protected":false},"author":1,"featured_media":242,"parent":0,"menu_order":0,"comment_status":"closed","ping_status":"closed","template":"","meta":{"_bbp_topic_count":0,"_bbp_reply_count":0,"_bbp_total_topic_count":0,"_bbp_total_reply_count":0,"_bbp_voice_count":0,"_bbp_anonymous_reply_count":0,"_bbp_topic_count_hidden":0,"_bbp_reply_count_hidden":0,"_bbp_forum_subforum_count":0,"om_disable_all_campaigns":false,"_monsterinsights_skip_tracking":false,"_monsterinsights_sitenote_active":false,"_monsterinsights_sitenote_note":"","_monsterinsights_sitenote_category":0,"ngg_post_thumbnail":0,"footnotes":""},"class_list":["post-172","page","type-page","status-publish","has-post-thumbnail","hentry"],"jetpack_sharing_enabled":true,"_links":{"self":[{"href":"http:\/\/greatlakesamc.org\/index.php\/wp-json\/wp\/v2\/pages\/172"}],"collection":[{"href":"http:\/\/greatlakesamc.org\/index.php\/wp-json\/wp\/v2\/pages"}],"about":[{"href":"http:\/\/greatlakesamc.org\/index.php\/wp-json\/wp\/v2\/types\/page"}],"author":[{"embeddable":true,"href":"http:\/\/greatlakesamc.org\/index.php\/wp-json\/wp\/v2\/users\/1"}],"replies":[{"embeddable":true,"href":"http:\/\/greatlakesamc.org\/index.php\/wp-json\/wp\/v2\/comments?post=172"}],"version-history":[{"count":4,"href":"http:\/\/greatlakesamc.org\/index.php\/wp-json\/wp\/v2\/pages\/172\/revisions"}],"predecessor-version":[{"id":11365,"href":"http:\/\/greatlakesamc.org\/index.php\/wp-json\/wp\/v2\/pages\/172\/revisions\/11365"}],"wp:featuredmedia":[{"embeddable":true,"href":"http:\/\/greatlakesamc.org\/index.php\/wp-json\/wp\/v2\/media\/242"}],"wp:attachment":[{"href":"http:\/\/greatlakesamc.org\/index.php\/wp-json\/wp\/v2\/media?parent=172"}],"curies":[{"name":"wp","href":"https:\/\/api.w.org\/{rel}","templated":true}]}}